{"id":24968,"date":"2024-04-09T11:34:42","date_gmt":"2024-04-09T11:34:42","guid":{"rendered":"https:\/\/worryfree360.com\/?page_id=24968"},"modified":"2025-01-09T01:26:04","modified_gmt":"2025-01-09T01:26:04","slug":"logistics-services","status":"publish","type":"page","link":"https:\/\/worryfree360.com\/fr\/logistics-services\/","title":{"rendered":"Services logistiques"},"content":{"rendered":"<div data-elementor-type=\"wp-page\" data-elementor-id=\"24968\" class=\"elementor elementor-24968\" data-elementor-post-type=\"page\">\n\t\t\t\t<div class=\"elementor-element elementor-element-4e2445e wd-section-stretch e-flex e-con-boxed e-con e-child\" data-id=\"4e2445e\" data-element_type=\"container\" data-settings=\"{&quot;background_background&quot;:&quot;classic&quot;,&quot;shape_divider_bottom&quot;:&quot;wave-brush&quot;}\">\n\t\t\t\t\t<div class=\"e-con-inner\">\n\t\t\t\t<div class=\"elementor-shape elementor-shape-bottom\" data-negative=\"false\">\n\t\t\t<svg xmlns=\"http:\/\/www.w3.org\/2000\/svg\" viewbox=\"0 0 283.5 27.8\" preserveaspectratio=\"none\">\n\t<path class=\"elementor-shape-fill\" d=\"M283.5,9.7c0,0-7.3,4.3-14,4.6c-6.8,0.3-12.6,0-20.9-1.5c-11.3-2-33.1-10.1-44.7-5.7\ts-12.1,4.6-18,7.4c-6.6,3.2-20,9.6-36.6,9.3C131.6,23.5,99.5,7.2,86.3,8c-1.4,0.1-6.6,0.8-10.5,2c-3.8,1.2-9.4,3.8-17,4.7\tc-3.2,0.4-8.3,1.1-14.2,0.9c-1.5-0.1-6.3-0.4-12-1.6c-5.7-1.2-11-3.1-15.8-3.7C6.5,9.2,0,10.8,0,10.8V0h283.5V9.7z M260.8,11.3\tc-0.7-1-2-0.4-4.3-0.4c-2.3,0-6.1-1.2-5.8-1.1c0.3,0.1,3.1,1.5,6,1.9C259.7,12.2,261.4,12.3,260.8,11.3z M242.4,8.6\tc0,0-2.4-0.2-5.6-0.9c-3.2-0.8-10.3-2.8-15.1-3.5c-8.2-1.1-15.8,0-15.1,0.1c0.8,0.1,9.6-0.6,17.6,1.1c3.3,0.7,9.3,2.2,12.4,2.7\tC239.9,8.7,242.4,8.6,242.4,8.6z M185.2,8.5c1.7-0.7-13.3,4.7-18.5,6.1c-2.1,0.6-6.2,1.6-10,2c-3.9,0.4-8.9,0.4-8.8,0.5\tc0,0.2,5.8,0.8,11.2,0c5.4-0.8,5.2-1.1,7.6-1.6C170.5,14.7,183.5,9.2,185.2,8.5z M199.1,6.9c0.2,0-0.8-0.4-4.8,1.1\tc-4,1.5-6.7,3.5-6.9,3.7c-0.2,0.1,3.5-1.8,6.6-3C197,7.5,199,6.9,199.1,6.9z M283,6c-0.1,0.1-1.9,1.1-4.8,2.5s-6.9,2.8-6.7,2.7\tc0.2,0,3.5-0.6,7.4-2.5C282.8,6.8,283.1,5.9,283,6z M31.3,11.6c0.1-0.2-1.9-0.2-4.5-1.2s-5.4-1.6-7.8-2C15,7.6,7.3,8.5,7.7,8.6\tC8,8.7,15.9,8.3,20.2,9.3c2.2,0.5,2.4,0.5,5.7,1.6S31.2,11.9,31.3,11.6z M73,9.2c0.4-0.1,3.5-1.6,8.4-2.6c4.9-1.1,8.9-0.5,8.9-0.8\tc0-0.3-1-0.9-6.2-0.3S72.6,9.3,73,9.2z M71.6,6.7C71.8,6.8,75,5.4,77.3,5c2.3-0.3,1.9-0.5,1.9-0.6c0-0.1-1.1-0.2-2.7,0.2\tC74.8,5.1,71.4,6.6,71.6,6.7z M93.6,4.4c0.1,0.2,3.5,0.8,5.6,1.8c2.1,1,1.8,0.6,1.9,0.5c0.1-0.1-0.8-0.8-2.4-1.3\tC97.1,4.8,93.5,4.2,93.6,4.4z M65.4,11.1c-0.1,0.3,0.3,0.5,1.9-0.2s2.6-1.3,2.2-1.2s-0.9,0.4-2.5,0.8C65.3,10.9,65.5,10.8,65.4,11.1\tz M34.5,12.4c-0.2,0,2.1,0.8,3.3,0.9c1.2,0.1,2,0.1,2-0.2c0-0.3-0.1-0.5-1.6-0.4C36.6,12.8,34.7,12.4,34.5,12.4z M152.2,21.1\tc-0.1,0.1-2.4-0.3-7.5-0.3c-5,0-13.6-2.4-17.2-3.5c-3.6-1.1,10,3.9,16.5,4.1C150.5,21.6,152.3,21,152.2,21.1z\"\/>\n\t<path class=\"elementor-shape-fill\" d=\"M269.6,18c-0.1-0.1-4.6,0.3-7.2,0c-7.3-0.7-17-3.2-16.6-2.9c0.4,0.3,13.7,3.1,17,3.3\tC267.7,18.8,269.7,18,269.6,18z\"\/>\n\t<path class=\"elementor-shape-fill\" d=\"M227.4,9.8c-0.2-0.1-4.5-1-9.5-1.2c-5-0.2-12.7,0.6-12.3,0.5c0.3-0.1,5.9-1.8,13.3-1.2\tS227.6,9.9,227.4,9.8z\"\/>\n\t<path class=\"elementor-shape-fill\" d=\"M204.5,13.4c-0.1-0.1,2-1,3.2-1.1c1.2-0.1,2,0,2,0.3c0,0.3-0.1,0.5-1.6,0.4\tC206.4,12.9,204.6,13.5,204.5,13.4z\"\/>\n\t<path class=\"elementor-shape-fill\" d=\"M201,10.6c0-0.1-4.4,1.2-6.3,2.2c-1.9,0.9-6.2,3.1-6.1,3.1c0.1,0.1,4.2-1.6,6.3-2.6\tS201,10.7,201,10.6z\"\/>\n\t<path class=\"elementor-shape-fill\" d=\"M154.5,26.7c-0.1-0.1-4.6,0.3-7.2,0c-7.3-0.7-17-3.2-16.6-2.9c0.4,0.3,13.7,3.1,17,3.3\tC152.6,27.5,154.6,26.8,154.5,26.7z\"\/>\n\t<path class=\"elementor-shape-fill\" d=\"M41.9,19.3c0,0,1.2-0.3,2.9-0.1c1.7,0.2,5.8,0.9,8.2,0.7c4.2-0.4,7.4-2.7,7-2.6\tc-0.4,0-4.3,2.2-8.6,1.9c-1.8-0.1-5.1-0.5-6.7-0.4S41.9,19.3,41.9,19.3z\"\/>\n\t<path class=\"elementor-shape-fill\" d=\"M75.5,12.6c0.2,0.1,2-0.8,4.3-1.1c2.3-0.2,2.1-0.3,2.1-0.5c0-0.1-1.8-0.4-3.4,0\tC76.9,11.5,75.3,12.5,75.5,12.6z\"\/>\n\t<path class=\"elementor-shape-fill\" d=\"M15.6,13.2c0-0.1,4.3,0,6.7,0.5c2.4,0.5,5,1.9,5,2c0,0.1-2.7-0.8-5.1-1.4\tC19.9,13.7,15.7,13.3,15.6,13.2z\"\/>\n<\/svg>\t\t<\/div>\n\t\t<div class=\"elementor-element elementor-element-af3811a e-con-full e-flex e-con e-child\" data-id=\"af3811a\" data-element_type=\"container\">\n\t\t\t\t<div class=\"elementor-element elementor-element-797a673 wd-width-100 elementor-widget elementor-widget-wd_title\" data-id=\"797a673\" data-element_type=\"widget\" data-widget_type=\"wd_title.default\">\n\t\t\t\t<div class=\"elementor-widget-container\">\n\t\t\t\t\t\t\t\t<link rel=\"stylesheet\" id=\"wd-section-title-css\" href=\"https:\/\/worryfree360.com\/wp-content\/themes\/woodmart\/css\/parts\/el-section-title.min.css?ver=7.4.3\" type=\"text\/css\" media=\"all\" \/> \t\t\t\t\t\t<link rel=\"stylesheet\" id=\"wd-mod-highlighted-text-css\" href=\"https:\/\/worryfree360.com\/wp-content\/themes\/woodmart\/css\/parts\/mod-highlighted-text.min.css?ver=7.4.3\" type=\"text\/css\" media=\"all\" \/> \t\t\t\t\t<div class=\"title-wrapper set-mb-s reset-last-child wd-title-color-primary wd-title-style-default wd-title-size-large text-center\">\n\n\t\t\t\n\t\t\t<div class=\"liner-continer\">\n\t\t\t\t<h1 class=\"woodmart-title-container title wd-fontsize-xxl wd-underline-colored\"><u>Sans souci <\/u> Logistique internationale<br \/>\nVotre partenaire pour le fret mondial<\/h1> \n\t\t\t\t\t\t\t<\/div>\n\n\t\t\t\t\t<\/div>\n\t\t\t\t\t\t<\/div>\n\t\t\t\t<\/div>\n\t\t\t\t<div class=\"elementor-element elementor-element-ea8e087 elementor-widget elementor-widget-wd_text_block\" data-id=\"ea8e087\" data-element_type=\"widget\" data-widget_type=\"wd_text_block.default\">\n\t\t\t\t<div class=\"elementor-widget-container\">\n\t\t\t\t\t\t\t\t<link rel=\"stylesheet\" id=\"wd-text-block-css\" href=\"https:\/\/worryfree360.com\/wp-content\/themes\/woodmart\/css\/parts\/el-text-block.min.css?ver=7.4.3\" type=\"text\/css\" media=\"all\" \/> \t\t\t\t\t<div class=\"wd-text-block reset-last-child text-left\">\n\t\t\t\n\t\t\t\n\t\t\t\t\t<\/div>\n\t\t\t\t\t\t<\/div>\n\t\t\t\t<\/div>\n\t\t\t\t<\/div>\n\t\t\t\t\t<\/div>\n\t\t\t\t<\/div>\n\t\t<div class=\"elementor-element elementor-element-cf323e6 e-flex e-con-boxed e-con e-parent\" data-id=\"cf323e6\" data-element_type=\"container\">\n\t\t\t\t\t<div class=\"e-con-inner\">\n\t\t\t\t<div class=\"elementor-element elementor-element-7ea055d text-center color-scheme-inherit elementor-widget elementor-widget-text-editor\" data-id=\"7ea055d\" data-element_type=\"widget\" data-widget_type=\"text-editor.default\">\n\t\t\t\t<div class=\"elementor-widget-container\">\n\t\t\t\t\t\t\t\t\t<p>Bienvenue \u00e0 Worry-Free International Logistics, o\u00f9 nous nous consacrons \u00e0 la fourniture de services de fret maritime, de fret a\u00e9rien et de messagerie de premier ordre. En nous appuyant sur nos importants volumes d'exp\u00e9dition mensuels, nous offrons des solutions logistiques in\u00e9gal\u00e9es \u00e0 des prix comp\u00e9titifs dans le monde entier.<\/p>\t\t\t\t\t\t\t\t<\/div>\n\t\t\t\t<\/div>\n\t\t\t\t\t<\/div>\n\t\t\t\t<\/div>\n\t\t<div class=\"elementor-element elementor-element-13ea82e e-flex e-con-boxed e-con e-parent\" data-id=\"13ea82e\" data-element_type=\"container\">\n\t\t\t\t\t<div class=\"e-con-inner\">\n\t\t\t\t<div class=\"elementor-element elementor-element-850cba1 wd-width-100 elementor-widget elementor-widget-wd_title\" data-id=\"850cba1\" data-element_type=\"widget\" data-widget_type=\"wd_title.default\">\n\t\t\t\t<div class=\"elementor-widget-container\">\n\t\t\t\t\t\t\t\t<link rel=\"stylesheet\" id=\"wd-section-title-style-under-and-over-css\" href=\"https:\/\/worryfree360.com\/wp-content\/themes\/woodmart\/css\/parts\/el-section-title-style-under-and-over.min.css?ver=7.4.3\" type=\"text\/css\" media=\"all\" \/> \t\t\t\t\t<div class=\"title-wrapper set-mb-s reset-last-child wd-title-color-primary wd-title-style-underlined wd-title-size-large text-center\">\n\n\t\t\t\n\t\t\t<div class=\"liner-continer\">\n\t\t\t\t<h2 class=\"woodmart-title-container title wd-fontsize-xxl\">Les points forts de nos services<\/h2> \n\t\t\t\t\t\t\t<\/div>\n\n\t\t\t\t\t<\/div>\n\t\t\t\t\t\t<\/div>\n\t\t\t\t<\/div>\n\t\t\t\t\t<\/div>\n\t\t\t\t<\/div>\n\t\t<div class=\"elementor-element elementor-element-93ab9af e-flex e-con-boxed e-con e-parent\" data-id=\"93ab9af\" data-element_type=\"container\">\n\t\t\t\t\t<div class=\"e-con-inner\">\n\t\t\t\t\t<link rel=\"stylesheet\" id=\"wd-animations-css\" href=\"https:\/\/worryfree360.com\/wp-content\/themes\/woodmart\/css\/parts\/mod-animations-transform.min.css?ver=7.4.3\" type=\"text\/css\" media=\"all\" \/> \t\t\t<div class=\"elementor-element elementor-element-66996ea e-con-full wd-animation-top-flip-x e-flex wd-animation-normal wd_delay_100 e-con e-child\" data-id=\"66996ea\" data-element_type=\"container\" data-settings=\"{&quot;background_background&quot;:&quot;classic&quot;}\">\n\t\t\t\t<div class=\"elementor-element elementor-element-f751b2a elementor-position-top elementor-widget elementor-widget-image-box\" data-id=\"f751b2a\" data-element_type=\"widget\" data-widget_type=\"image-box.default\">\n\t\t\t\t<div class=\"elementor-widget-container\">\n\t\t\t\t\t<div class=\"elementor-image-box-wrapper\"><figure class=\"elementor-image-box-img\"><img fetchpriority=\"high\" decoding=\"async\" width=\"567\" height=\"567\" src=\"https:\/\/worryfree360.com\/wp-content\/uploads\/2024\/04\/\u3010\u56fe\u72476-1\u3011.png\" class=\"elementor-animation-pulse-shrink attachment-full size-full wp-image-25782\" alt=\"\" title=\"\" srcset=\"https:\/\/worryfree360.com\/wp-content\/uploads\/2024\/04\/\u3010\u56fe\u72476-1\u3011.png 567w, https:\/\/worryfree360.com\/wp-content\/uploads\/2024\/04\/\u3010\u56fe\u72476-1\u3011-300x300.png 300w, https:\/\/worryfree360.com\/wp-content\/uploads\/2024\/04\/\u3010\u56fe\u72476-1\u3011-150x150.png 150w\" sizes=\"(max-width: 567px) 100vw, 567px\" \/><\/figure><div class=\"elementor-image-box-content\"><h3 class=\"elementor-image-box-title\">R\u00e9seau mondial de routes<\/h3><p class=\"elementor-image-box-description\">Notre vaste r\u00e9seau d'itin\u00e9raires garantit que votre fret peut atteindre n'importe quelle destination dans le monde, rapidement et en toute s\u00e9curit\u00e9.<\/p><\/div><\/div>\t\t\t\t<\/div>\n\t\t\t\t<\/div>\n\t\t\t\t<\/div>\n\t\t<div class=\"elementor-element elementor-element-35ab789 e-con-full wd-animation-top-flip-x e-flex wd-animation-normal wd_delay_100 e-con e-child\" data-id=\"35ab789\" data-element_type=\"container\" data-settings=\"{&quot;background_background&quot;:&quot;classic&quot;}\">\n\t\t\t\t<div class=\"elementor-element elementor-element-d352ded elementor-position-top elementor-widget elementor-widget-image-box\" data-id=\"d352ded\" data-element_type=\"widget\" data-widget_type=\"image-box.default\">\n\t\t\t\t<div class=\"elementor-widget-container\">\n\t\t\t\t\t<div class=\"elementor-image-box-wrapper\"><figure class=\"elementor-image-box-img\"><img decoding=\"async\" width=\"567\" height=\"567\" src=\"https:\/\/worryfree360.com\/wp-content\/uploads\/2024\/04\/\u3010\u56fe\u72476-2\u3011.png\" class=\"elementor-animation-pulse-shrink attachment-full size-full wp-image-25783\" alt=\"\" title=\"\" srcset=\"https:\/\/worryfree360.com\/wp-content\/uploads\/2024\/04\/\u3010\u56fe\u72476-2\u3011.png 567w, https:\/\/worryfree360.com\/wp-content\/uploads\/2024\/04\/\u3010\u56fe\u72476-2\u3011-300x300.png 300w, https:\/\/worryfree360.com\/wp-content\/uploads\/2024\/04\/\u3010\u56fe\u72476-2\u3011-150x150.png 150w\" sizes=\"(max-width: 567px) 100vw, 567px\" \/><\/figure><div class=\"elementor-image-box-content\"><h3 class=\"elementor-image-box-title\">Transport global<\/h3><p class=\"elementor-image-box-description\">Par voie maritime, terrestre ou a\u00e9rienne, nous proposons des options de transport flexibles.<\/p><\/div><\/div>\t\t\t\t<\/div>\n\t\t\t\t<\/div>\n\t\t\t\t<\/div>\n\t\t<div class=\"elementor-element elementor-element-5777fd8 e-con-full wd-animation-top-flip-x e-flex wd-animation-normal wd_delay_100 e-con e-child\" data-id=\"5777fd8\" data-element_type=\"container\" data-settings=\"{&quot;background_background&quot;:&quot;classic&quot;}\">\n\t\t\t\t<div class=\"elementor-element elementor-element-5d0dc5b elementor-position-top elementor-widget elementor-widget-image-box\" data-id=\"5d0dc5b\" data-element_type=\"widget\" data-widget_type=\"image-box.default\">\n\t\t\t\t<div class=\"elementor-widget-container\">\n\t\t\t\t\t<div class=\"elementor-image-box-wrapper\"><figure class=\"elementor-image-box-img\"><img decoding=\"async\" width=\"567\" height=\"567\" src=\"https:\/\/worryfree360.com\/wp-content\/uploads\/2024\/04\/\u3010\u56fe\u72476-3\u3011.png\" class=\"elementor-animation-pulse-shrink attachment-full size-full wp-image-25784\" alt=\"\" title=\"\" srcset=\"https:\/\/worryfree360.com\/wp-content\/uploads\/2024\/04\/\u3010\u56fe\u72476-3\u3011.png 567w, https:\/\/worryfree360.com\/wp-content\/uploads\/2024\/04\/\u3010\u56fe\u72476-3\u3011-300x300.png 300w, https:\/\/worryfree360.com\/wp-content\/uploads\/2024\/04\/\u3010\u56fe\u72476-3\u3011-150x150.png 150w\" sizes=\"(max-width: 567px) 100vw, 567px\" \/><\/figure><div class=\"elementor-image-box-content\"><h3 class=\"elementor-image-box-title\">Service de porte \u00e0 porte<\/h3><p class=\"elementor-image-box-description\">La solution logistique compl\u00e8te du lieu d'exp\u00e9dition au lieu de r\u00e9ception, y compris la collecte du fret, le chargement, le transport, la d\u00e9claration en douane, le d\u00e9douanement et la distribution.<\/p><\/div><\/div>\t\t\t\t<\/div>\n\t\t\t\t<\/div>\n\t\t\t\t<\/div>\n\t\t\t\t\t<\/div>\n\t\t\t\t<\/div>\n\t\t<div class=\"elementor-element elementor-element-866f423 e-flex e-con-boxed e-con e-parent\" data-id=\"866f423\" data-element_type=\"container\">\n\t\t\t\t\t<div class=\"e-con-inner\">\n\t\t<div class=\"elementor-element elementor-element-08c67ba e-con-full wd-animation-top-flip-x e-flex wd-animation-normal wd_delay_100 e-con e-child\" data-id=\"08c67ba\" data-element_type=\"container\" data-settings=\"{&quot;background_background&quot;:&quot;classic&quot;}\">\n\t\t\t\t<div class=\"elementor-element elementor-element-ce24e20 elementor-position-top elementor-widget elementor-widget-image-box\" data-id=\"ce24e20\" data-element_type=\"widget\" data-widget_type=\"image-box.default\">\n\t\t\t\t<div class=\"elementor-widget-container\">\n\t\t\t\t\t<div class=\"elementor-image-box-wrapper\"><figure class=\"elementor-image-box-img\"><img loading=\"lazy\" decoding=\"async\" width=\"567\" height=\"567\" src=\"https:\/\/worryfree360.com\/wp-content\/uploads\/2024\/04\/\u3010\u56fe\u72476-4\u3011.png\" class=\"elementor-animation-pulse-shrink attachment-full size-full wp-image-25785\" alt=\"\" title=\"\" srcset=\"https:\/\/worryfree360.com\/wp-content\/uploads\/2024\/04\/\u3010\u56fe\u72476-4\u3011.png 567w, https:\/\/worryfree360.com\/wp-content\/uploads\/2024\/04\/\u3010\u56fe\u72476-4\u3011-300x300.png 300w, https:\/\/worryfree360.com\/wp-content\/uploads\/2024\/04\/\u3010\u56fe\u72476-4\u3011-150x150.png 150w\" sizes=\"(max-width: 567px) 100vw, 567px\" \/><\/figure><div class=\"elementor-image-box-content\"><h3 class=\"elementor-image-box-title\">Transport de conteneurs complets<\/h3><p class=\"elementor-image-box-description\">Sp\u00e9cialement con\u00e7u pour les clients de taille moyenne \u00e0 grande, il constitue le choix id\u00e9al pour le transport de gros volumes de marchandises.<\/p><\/div><\/div>\t\t\t\t<\/div>\n\t\t\t\t<\/div>\n\t\t\t\t<\/div>\n\t\t<div class=\"elementor-element elementor-element-b269928 e-con-full wd-animation-top-flip-x e-flex wd-animation-normal wd_delay_100 e-con e-child\" data-id=\"b269928\" data-element_type=\"container\" data-settings=\"{&quot;background_background&quot;:&quot;classic&quot;}\">\n\t\t\t\t<div class=\"elementor-element elementor-element-6743e1d elementor-position-top elementor-widget elementor-widget-image-box\" data-id=\"6743e1d\" data-element_type=\"widget\" data-widget_type=\"image-box.default\">\n\t\t\t\t<div class=\"elementor-widget-container\">\n\t\t\t\t\t<div class=\"elementor-image-box-wrapper\"><figure class=\"elementor-image-box-img\"><img loading=\"lazy\" decoding=\"async\" width=\"567\" height=\"567\" src=\"https:\/\/worryfree360.com\/wp-content\/uploads\/2024\/04\/\u3010\u56fe\u72476-5\u3011.png\" class=\"elementor-animation-pulse-shrink attachment-full size-full wp-image-25786\" alt=\"\" title=\"\" srcset=\"https:\/\/worryfree360.com\/wp-content\/uploads\/2024\/04\/\u3010\u56fe\u72476-5\u3011.png 567w, https:\/\/worryfree360.com\/wp-content\/uploads\/2024\/04\/\u3010\u56fe\u72476-5\u3011-300x300.png 300w, https:\/\/worryfree360.com\/wp-content\/uploads\/2024\/04\/\u3010\u56fe\u72476-5\u3011-150x150.png 150w\" sizes=\"(max-width: 567px) 100vw, 567px\" \/><\/figure><div class=\"elementor-image-box-content\"><h3 class=\"elementor-image-box-title\">Transport de charges inf\u00e9rieures \u00e0 un conteneur<\/h3><p class=\"elementor-image-box-description\">Un mode de transport \u00e9conomique et rentable pour les clients ayant un petit volume de marchandises.<\/p><\/div><\/div>\t\t\t\t<\/div>\n\t\t\t\t<\/div>\n\t\t\t\t<\/div>\n\t\t<div class=\"elementor-element elementor-element-28662c8 e-con-full wd-animation-top-flip-x e-flex wd-animation-normal wd_delay_100 e-con e-child\" data-id=\"28662c8\" data-element_type=\"container\" data-settings=\"{&quot;background_background&quot;:&quot;classic&quot;}\">\n\t\t\t\t<div class=\"elementor-element elementor-element-8d62575 elementor-position-top elementor-widget elementor-widget-image-box\" data-id=\"8d62575\" data-element_type=\"widget\" data-widget_type=\"image-box.default\">\n\t\t\t\t<div class=\"elementor-widget-container\">\n\t\t\t\t\t<div class=\"elementor-image-box-wrapper\"><figure class=\"elementor-image-box-img\"><img loading=\"lazy\" decoding=\"async\" width=\"567\" height=\"567\" src=\"https:\/\/worryfree360.com\/wp-content\/uploads\/2024\/04\/\u3010\u56fe\u72476-6\u3011.png\" class=\"elementor-animation-pulse-shrink attachment-full size-full wp-image-25787\" alt=\"\" title=\"\" srcset=\"https:\/\/worryfree360.com\/wp-content\/uploads\/2024\/04\/\u3010\u56fe\u72476-6\u3011.png 567w, https:\/\/worryfree360.com\/wp-content\/uploads\/2024\/04\/\u3010\u56fe\u72476-6\u3011-300x300.png 300w, https:\/\/worryfree360.com\/wp-content\/uploads\/2024\/04\/\u3010\u56fe\u72476-6\u3011-150x150.png 150w\" sizes=\"(max-width: 567px) 100vw, 567px\" \/><\/figure><div class=\"elementor-image-box-content\"><h3 class=\"elementor-image-box-title\">Service d'assurance cargo<\/h3><p class=\"elementor-image-box-description\">Le service d'assurance cargo compl\u00e8te r\u00e9duit les risques li\u00e9s au transport et prot\u00e8ge votre cargaison.<\/p><\/div><\/div>\t\t\t\t<\/div>\n\t\t\t\t<\/div>\n\t\t\t\t<\/div>\n\t\t\t\t\t<\/div>\n\t\t\t\t<\/div>\n\t\t<div class=\"elementor-element elementor-element-37d8d82 e-flex e-con-boxed e-con e-parent\" data-id=\"37d8d82\" data-element_type=\"container\">\n\t\t\t\t\t<div class=\"e-con-inner\">\n\t\t\t\t<div class=\"elementor-element elementor-element-2685806 elementor-widget elementor-widget-wd_text_block\" data-id=\"2685806\" data-element_type=\"widget\" data-widget_type=\"wd_text_block.default\">\n\t\t\t\t<div class=\"elementor-widget-container\">\n\t\t\t\t\t\t\t<div class=\"wd-text-block reset-last-child text-center\">\n\t\t\t\n\t\t\t<p class=\"translation-block\">Choisir Worry-Free International Logistics, c'est opter pour un partenaire logistique mondial de confiance. Nous nous engageons \u00e0 veiller \u00e0 ce que vos op\u00e9rations commerciales se d\u00e9roulent de mani\u00e8re transparente et ininterrompue. <a href=\"mailto:info@worryfree360.com\" target=\"_self\">Contactez-nous<\/a> maintenant pour commencer votre voyage de fret mondial.<\/p>\n\t\t\t\t\t<\/div>\n\t\t\t\t\t\t<\/div>\n\t\t\t\t<\/div>\n\t\t\t\t\t<\/div>\n\t\t\t\t<\/div>\n\t\t\t\t<\/div>","protected":false},"excerpt":{"rendered":"<p>Worry-Free International Logistics Votre partenaire pour le fret mondial Bienvenue \u00e0 Worry-Free International Logistics, o\u00f9 nous nous engageons \u00e0 fournir des services de transport maritime de premi\u00e8re qualit\u00e9.<\/p>","protected":false},"author":1,"featured_media":0,"parent":0,"menu_order":0,"comment_status":"closed","ping_status":"closed","template":"","meta":{"footnotes":""},"class_list":["post-24968","page","type-page","status-publish","hentry"],"_links":{"self":[{"href":"https:\/\/worryfree360.com\/fr\/wp-json\/wp\/v2\/pages\/24968","targetHints":{"allow":["GET"]}}],"collection":[{"href":"https:\/\/worryfree360.com\/fr\/wp-json\/wp\/v2\/pages"}],"about":[{"href":"https:\/\/worryfree360.com\/fr\/wp-json\/wp\/v2\/types\/page"}],"author":[{"embeddable":true,"href":"https:\/\/worryfree360.com\/fr\/wp-json\/wp\/v2\/users\/1"}],"replies":[{"embeddable":true,"href":"https:\/\/worryfree360.com\/fr\/wp-json\/wp\/v2\/comments?post=24968"}],"version-history":[{"count":134,"href":"https:\/\/worryfree360.com\/fr\/wp-json\/wp\/v2\/pages\/24968\/revisions"}],"predecessor-version":[{"id":26455,"href":"https:\/\/worryfree360.com\/fr\/wp-json\/wp\/v2\/pages\/24968\/revisions\/26455"}],"wp:attachment":[{"href":"https:\/\/worryfree360.com\/fr\/wp-json\/wp\/v2\/media?parent=24968"}],"curies":[{"name":"wp","href":"https:\/\/api.w.org\/{rel}","templated":true}]}}