{"id":24944,"date":"2024-04-09T11:09:41","date_gmt":"2024-04-09T11:09:41","guid":{"rendered":"https:\/\/worryfree360.com\/?page_id=24944"},"modified":"2025-01-09T01:24:34","modified_gmt":"2025-01-09T01:24:34","slug":"one-stop-sourcing","status":"publish","type":"page","link":"https:\/\/worryfree360.com\/fr\/one-stop-sourcing\/","title":{"rendered":"Approvisionnement \u00e0 guichet unique"},"content":{"rendered":"<div data-elementor-type=\"wp-page\" data-elementor-id=\"24944\" class=\"elementor elementor-24944\" data-elementor-post-type=\"page\">\n\t\t\t\t<div class=\"elementor-element elementor-element-5fdbc12 wd-section-stretch e-flex e-con-boxed e-con e-parent\" data-id=\"5fdbc12\" data-element_type=\"container\" data-settings=\"{&quot;background_background&quot;:&quot;classic&quot;}\">\n\t\t\t\t\t<div class=\"e-con-inner\">\n\t\t<div class=\"elementor-element elementor-element-a547685 e-con-full e-flex e-con e-child\" data-id=\"a547685\" data-element_type=\"container\">\n\t\t\t\t<div class=\"elementor-element elementor-element-2eeb45a wd-width-100 elementor-widget elementor-widget-wd_title\" data-id=\"2eeb45a\" data-element_type=\"widget\" data-widget_type=\"wd_title.default\">\n\t\t\t\t<div class=\"elementor-widget-container\">\n\t\t\t\t\t\t\t\t<link rel=\"stylesheet\" id=\"wd-section-title-css\" href=\"https:\/\/worryfree360.com\/wp-content\/themes\/woodmart\/css\/parts\/el-section-title.min.css?ver=7.4.3\" type=\"text\/css\" media=\"all\" \/> \t\t\t\t\t\t<link rel=\"stylesheet\" id=\"wd-mod-highlighted-text-css\" href=\"https:\/\/worryfree360.com\/wp-content\/themes\/woodmart\/css\/parts\/mod-highlighted-text.min.css?ver=7.4.3\" type=\"text\/css\" media=\"all\" \/> \t\t\t\t\t<div class=\"title-wrapper set-mb-s reset-last-child wd-title-color-default wd-title-style-default wd-title-size-default text-center\">\n\n\t\t\t\n\t\t\t<div class=\"liner-continer\">\n\t\t\t\t<h1 class=\"woodmart-title-container title wd-fontsize-l wd-underline-colored\"><u>Guichet unique<\/u> Sourcing<\/h1> \n\t\t\t\t\t\t\t<\/div>\n\n\t\t\t\t\t<\/div>\n\t\t\t\t\t\t<\/div>\n\t\t\t\t<\/div>\n\t\t\t\t<div class=\"elementor-element elementor-element-4214ece elementor-widget elementor-widget-wd_text_block\" data-id=\"4214ece\" data-element_type=\"widget\" data-widget_type=\"wd_text_block.default\">\n\t\t\t\t<div class=\"elementor-widget-container\">\n\t\t\t\t\t\t\t\t<link rel=\"stylesheet\" id=\"wd-text-block-css\" href=\"https:\/\/worryfree360.com\/wp-content\/themes\/woodmart\/css\/parts\/el-text-block.min.css?ver=7.4.3\" type=\"text\/css\" media=\"all\" \/> \t\t\t\t\t<div class=\"wd-text-block reset-last-child text-left\">\n\t\t\t\n\t\t\t\n\t\t\t\t\t<\/div>\n\t\t\t\t\t\t<\/div>\n\t\t\t\t<\/div>\n\t\t\t\t<div class=\"elementor-element elementor-element-0edb11e color-scheme-inherit text-left elementor-widget elementor-widget-text-editor\" data-id=\"0edb11e\" data-element_type=\"widget\" data-widget_type=\"text-editor.default\">\n\t\t\t\t<div class=\"elementor-widget-container\">\n\t\t\t\t\t\t\t\t\t<p>Approvisionnement professionnel en Chine avec efficacit\u00e9 et facilit\u00e9.<\/p>\t\t\t\t\t\t\t\t<\/div>\n\t\t\t\t<\/div>\n\t\t\t\t<\/div>\n\t\t\t\t\t<\/div>\n\t\t\t\t<\/div>\n\t\t<div class=\"elementor-element elementor-element-2e98c87 e-flex e-con-boxed e-con e-parent\" data-id=\"2e98c87\" data-element_type=\"container\">\n\t\t\t\t\t<div class=\"e-con-inner\">\n\t\t\t\t<div class=\"elementor-element elementor-element-db726a1 wd-width-100 elementor-widget elementor-widget-wd_title\" data-id=\"db726a1\" data-element_type=\"widget\" data-widget_type=\"wd_title.default\">\n\t\t\t\t<div class=\"elementor-widget-container\">\n\t\t\t\t\t\t\t\t<link rel=\"stylesheet\" id=\"wd-section-title-style-under-and-over-css\" href=\"https:\/\/worryfree360.com\/wp-content\/themes\/woodmart\/css\/parts\/el-section-title-style-under-and-over.min.css?ver=7.4.3\" type=\"text\/css\" media=\"all\" \/> \t\t\t\t\t<div class=\"title-wrapper set-mb-s reset-last-child wd-title-color-primary wd-title-style-underlined wd-title-size-large text-center\">\n\n\t\t\t\n\t\t\t<div class=\"liner-continer\">\n\t\t\t\t<h2 class=\"woodmart-title-container title wd-fontsize-xxl wd-underline-colored\">Comment nous travaillons<\/h2> \n\t\t\t\t\t\t\t<\/div>\n\n\t\t\t\t\t<\/div>\n\t\t\t\t\t\t<\/div>\n\t\t\t\t<\/div>\n\t\t\t\t<div class=\"elementor-element elementor-element-1703986 elementor-widget elementor-widget-wd_timeline\" data-id=\"1703986\" data-element_type=\"widget\" data-widget_type=\"wd_timeline.default\">\n\t\t\t\t<div class=\"elementor-widget-container\">\n\t\t\t\t\t\t\t\t<link rel=\"stylesheet\" id=\"wd-timeline-css\" href=\"https:\/\/worryfree360.com\/wp-content\/themes\/woodmart\/css\/parts\/el-timeline.min.css?ver=7.4.3\" type=\"text\/css\" media=\"all\" \/> \t\t\t\t\t<div class=\"wd-timeline-wrapper wd-item-default wd-line-dashed\">\n\t\t\t<div class=\"woodmart-timeline-line\">\n\t\t\t\t<span class=\"line-dot dot-start\"><\/span>\n\t\t\t\t<span class=\"line-dot dot-end\"><\/span>\n\t\t\t<\/div>\n\n\t\t\t<div class=\"wd-timeline\">\n\t\t\t\t\t\t\t\t\t\t\t\t\t\t\t\t\t\t\t\t<div class=\"wd-timeline-breakpoint elementor-repeater-item-9988200\">\n\t\t\t\t\t\t\t<span class=\"woodmart-timeline-breakpoint-title\">\n\t\t\t\t\t\t\t\tPremi\u00e8re \u00e9tape\t\t\t\t\t\t\t<\/span>\n\t\t\t\t\t\t<\/div>\n\t\t\t\t\t\t\t\t\t\t\t\t\t\t\t\t\t\t\t\t\t\t\t\t\t<div class=\"wd-timeline-item wd-item-position-left elementor-repeater-item-1760771\">\n\t\t\t\t\t\t\t<div class=\"woodmart-timeline-dot\"><\/div>\n\n\t\t\t\t\t\t\t<div class=\"timeline-col timeline-col-primary\">\n\t\t\t\t\t\t\t\t<span class=\"timeline-arrow\"><\/span>\n\t\t\t\t\t\t\t\t\t\t\t\t\t\t\t\t\t<div class=\"wd-timeline-image\">\n\t\t\t\t\t\t\t\t\t\t<img decoding=\"async\" width=\"60\" height=\"60\" src=\"https:\/\/worryfree360.com\/wp-content\/uploads\/2024\/04\/\u3010\u56fe\u72475-1\u3011-60x60.png\" class=\"attachment-60x60 size-60x60\" alt=\"\" srcset=\"\" sizes=\"(max-width: 60px) 100vw, 60px\" title=\"\" data-srcset=\"\">\t\t\t\t\t\t\t\t\t<\/div>\n\t\t\t\t\t\t\t\t\n\t\t\t\t\t\t\t\t\n\t\t\t\t\t\t\t\t<div class=\"wd-timeline-content set-cont-mb-s reset-last-child\">\n\t\t\t\t\t\t\t\t\t<h3 style=\"font-size: 28px;\">Comprendre les besoins de votre projet<\/h3><p style=\"font-size: 18px;\">Nous commen\u00e7ons par discuter de vos objectifs de r\u00e9novation, de vos pr\u00e9f\u00e9rences en mati\u00e8re de style, de votre budget et de vos besoins en mat\u00e9riaux, afin d'\u00e9laborer un plan de projet sur mesure qui r\u00e9ponde \u00e0 vos attentes.<\/p>\t\t\t\t\t\t\t\t<\/div>\n\t\t\t\t\t\t\t<\/div>\n\n\t\t\t\t\t\t\t<div class=\"timeline-col timeline-col-secondary\">\n\t\t\t\t\t\t\t\t<span class=\"timeline-arrow\"><\/span>\n\t\t\t\t\t\t\t\t\t\t\t\t\t\t\t\t\t<div class=\"wd-timeline-image\">\n\t\t\t\t\t\t\t\t\t\t<img fetchpriority=\"high\" decoding=\"async\" width=\"2000\" height=\"1171\" src=\"https:\/\/worryfree360.com\/wp-content\/uploads\/2025\/01\/\u3010\u56fe\u72476-1\u3011.png\" class=\"attachment-full size-full\" alt=\"Understand Your Project Needs\" srcset=\"https:\/\/worryfree360.com\/wp-content\/uploads\/2025\/01\/\u3010\u56fe\u72476-1\u3011.png 2000w, https:\/\/worryfree360.com\/wp-content\/uploads\/2025\/01\/\u3010\u56fe\u72476-1\u3011-400x234.png 400w, https:\/\/worryfree360.com\/wp-content\/uploads\/2025\/01\/\u3010\u56fe\u72476-1\u3011-1300x761.png 1300w, https:\/\/worryfree360.com\/wp-content\/uploads\/2025\/01\/\u3010\u56fe\u72476-1\u3011-768x450.png 768w, https:\/\/worryfree360.com\/wp-content\/uploads\/2025\/01\/\u3010\u56fe\u72476-1\u3011-1536x899.png 1536w, https:\/\/worryfree360.com\/wp-content\/uploads\/2025\/01\/\u3010\u56fe\u72476-1\u3011-18x12.png 18w\" sizes=\"(max-width: 2000px) 100vw, 2000px\" title=\"\">\t\t\t\t\t\t\t\t\t<\/div>\n\t\t\t\t\t\t\t\t\n\t\t\t\t\t\t\t\t\n\t\t\t\t\t\t\t\t<div class=\"wd-timeline-content set-cont-mb-s reset-last-child\">\n\t\t\t\t\t\t\t\t\t\t\t\t\t\t\t\t\t<\/div>\n\t\t\t\t\t\t\t<\/div>\n\t\t\t\t\t\t<\/div>\n\t\t\t\t\t\t\t\t\t\t\t\t\t\t\t\t\t\t\t\t\t\t\t\t\t<div class=\"wd-timeline-breakpoint elementor-repeater-item-2493353\">\n\t\t\t\t\t\t\t<span class=\"woodmart-timeline-breakpoint-title\">\n\t\t\t\t\t\t\t\tDeuxi\u00e8me \u00e9tape\t\t\t\t\t\t\t<\/span>\n\t\t\t\t\t\t<\/div>\n\t\t\t\t\t\t\t\t\t\t\t\t\t\t\t\t\t\t\t\t\t\t\t\t\t<div class=\"wd-timeline-item wd-item-position-right elementor-repeater-item-7775148\">\n\t\t\t\t\t\t\t<div class=\"woodmart-timeline-dot\"><\/div>\n\n\t\t\t\t\t\t\t<div class=\"timeline-col timeline-col-primary\">\n\t\t\t\t\t\t\t\t<span class=\"timeline-arrow\"><\/span>\n\t\t\t\t\t\t\t\t\t\t\t\t\t\t\t\t\t<div class=\"wd-timeline-image\">\n\t\t\t\t\t\t\t\t\t\t<img decoding=\"async\" width=\"60\" height=\"60\" src=\"https:\/\/worryfree360.com\/wp-content\/uploads\/2024\/04\/\u3010\u56fe\u72475-2\u3011-60x60.png\" class=\"attachment-60x60 size-60x60\" alt=\"\" srcset=\"\" sizes=\"(max-width: 60px) 100vw, 60px\" title=\"\" data-srcset=\"\">\t\t\t\t\t\t\t\t\t<\/div>\n\t\t\t\t\t\t\t\t\n\t\t\t\t\t\t\t\t\n\t\t\t\t\t\t\t\t<div class=\"wd-timeline-content set-cont-mb-s reset-last-child\">\n\t\t\t\t\t\t\t\t\t<h3 style=\"font-size: 28px;\">Recherche d'usines et \u00e9tablissement de devis<\/h3><p style=\"font-size: 18px;\">Nous identifions les usines les plus appropri\u00e9es, v\u00e9rifions leurs r\u00e9f\u00e9rences en contr\u00f4lant leurs ant\u00e9c\u00e9dents et \u00e9tablissons des devis transparents pour les mat\u00e9riaux cl\u00e9s tels que le mobilier, les carreaux et l'\u00e9clairage.<\/p>\t\t\t\t\t\t\t\t<\/div>\n\t\t\t\t\t\t\t<\/div>\n\n\t\t\t\t\t\t\t<div class=\"timeline-col timeline-col-secondary\">\n\t\t\t\t\t\t\t\t<span class=\"timeline-arrow\"><\/span>\n\t\t\t\t\t\t\t\t\t\t\t\t\t\t\t\t\t<div class=\"wd-timeline-image\">\n\t\t\t\t\t\t\t\t\t\t<img loading=\"lazy\" decoding=\"async\" width=\"2000\" height=\"1171\" src=\"https:\/\/worryfree360.com\/wp-content\/uploads\/2025\/01\/\u3010\u56fe\u72476-2\u3011.png\" class=\"attachment-full size-full\" alt=\"\" srcset=\"https:\/\/worryfree360.com\/wp-content\/uploads\/2025\/01\/\u3010\u56fe\u72476-2\u3011.png 2000w, https:\/\/worryfree360.com\/wp-content\/uploads\/2025\/01\/\u3010\u56fe\u72476-2\u3011-400x234.png 400w, https:\/\/worryfree360.com\/wp-content\/uploads\/2025\/01\/\u3010\u56fe\u72476-2\u3011-1300x761.png 1300w, https:\/\/worryfree360.com\/wp-content\/uploads\/2025\/01\/\u3010\u56fe\u72476-2\u3011-768x450.png 768w, https:\/\/worryfree360.com\/wp-content\/uploads\/2025\/01\/\u3010\u56fe\u72476-2\u3011-1536x899.png 1536w, https:\/\/worryfree360.com\/wp-content\/uploads\/2025\/01\/\u3010\u56fe\u72476-2\u3011-18x12.png 18w\" sizes=\"(max-width: 2000px) 100vw, 2000px\" title=\"\">\t\t\t\t\t\t\t\t\t<\/div>\n\t\t\t\t\t\t\t\t\n\t\t\t\t\t\t\t\t\n\t\t\t\t\t\t\t\t<div class=\"wd-timeline-content set-cont-mb-s reset-last-child\">\n\t\t\t\t\t\t\t\t\t\t\t\t\t\t\t\t\t<\/div>\n\t\t\t\t\t\t\t<\/div>\n\t\t\t\t\t\t<\/div>\n\t\t\t\t\t\t\t\t\t\t\t\t\t\t\t\t\t\t\t\t\t\t\t\t\t<div class=\"wd-timeline-breakpoint elementor-repeater-item-4587962\">\n\t\t\t\t\t\t\t<span class=\"woodmart-timeline-breakpoint-title\">\n\t\t\t\t\t\t\t\tTroisi\u00e8me \u00e9tape\t\t\t\t\t\t\t<\/span>\n\t\t\t\t\t\t<\/div>\n\t\t\t\t\t\t\t\t\t\t\t\t\t\t\t\t\t\t\t\t\t\t\t\t\t<div class=\"wd-timeline-item wd-item-position-left elementor-repeater-item-6165912\">\n\t\t\t\t\t\t\t<div class=\"woodmart-timeline-dot\"><\/div>\n\n\t\t\t\t\t\t\t<div class=\"timeline-col timeline-col-primary\">\n\t\t\t\t\t\t\t\t<span class=\"timeline-arrow\"><\/span>\n\t\t\t\t\t\t\t\t\t\t\t\t\t\t\t\t\t<div class=\"wd-timeline-image\">\n\t\t\t\t\t\t\t\t\t\t<img loading=\"lazy\" decoding=\"async\" width=\"60\" height=\"60\" src=\"https:\/\/worryfree360.com\/wp-content\/uploads\/2024\/04\/\u3010\u56fe\u72475-3\u3011-60x60.png\" class=\"attachment-60x60 size-60x60\" alt=\"\" srcset=\"\" sizes=\"(max-width: 60px) 100vw, 60px\" title=\"\" data-srcset=\"\">\t\t\t\t\t\t\t\t\t<\/div>\n\t\t\t\t\t\t\t\t\n\t\t\t\t\t\t\t\t\n\t\t\t\t\t\t\t\t<div class=\"wd-timeline-content set-cont-mb-s reset-last-child\">\n\t\t\t\t\t\t\t\t\t<h3 style=\"font-size: 28px;\">Visites d'usines, n\u00e9gociations et contrats<\/h3><p style=\"font-size: 18px;\">Nous organisons des visites d'usines pour \u00e9valuer les capacit\u00e9s de production et la qualit\u00e9 des \u00e9chantillons, nous n\u00e9gocions les prix en votre nom et nous finalisons les contrats avec les fournisseurs s\u00e9lectionn\u00e9s.<\/p>\t\t\t\t\t\t\t\t<\/div>\n\t\t\t\t\t\t\t<\/div>\n\n\t\t\t\t\t\t\t<div class=\"timeline-col timeline-col-secondary\">\n\t\t\t\t\t\t\t\t<span class=\"timeline-arrow\"><\/span>\n\t\t\t\t\t\t\t\t\t\t\t\t\t\t\t\t\t<div class=\"wd-timeline-image\">\n\t\t\t\t\t\t\t\t\t\t<img loading=\"lazy\" decoding=\"async\" width=\"2000\" height=\"1171\" src=\"https:\/\/worryfree360.com\/wp-content\/uploads\/2025\/01\/\u3010\u56fe\u72476-3\u3011.png\" class=\"attachment-full size-full\" alt=\"\" srcset=\"https:\/\/worryfree360.com\/wp-content\/uploads\/2025\/01\/\u3010\u56fe\u72476-3\u3011.png 2000w, https:\/\/worryfree360.com\/wp-content\/uploads\/2025\/01\/\u3010\u56fe\u72476-3\u3011-400x234.png 400w, https:\/\/worryfree360.com\/wp-content\/uploads\/2025\/01\/\u3010\u56fe\u72476-3\u3011-1300x761.png 1300w, https:\/\/worryfree360.com\/wp-content\/uploads\/2025\/01\/\u3010\u56fe\u72476-3\u3011-768x450.png 768w, https:\/\/worryfree360.com\/wp-content\/uploads\/2025\/01\/\u3010\u56fe\u72476-3\u3011-1536x899.png 1536w, https:\/\/worryfree360.com\/wp-content\/uploads\/2025\/01\/\u3010\u56fe\u72476-3\u3011-18x12.png 18w\" sizes=\"(max-width: 2000px) 100vw, 2000px\" title=\"\">\t\t\t\t\t\t\t\t\t<\/div>\n\t\t\t\t\t\t\t\t\n\t\t\t\t\t\t\t\t\n\t\t\t\t\t\t\t\t<div class=\"wd-timeline-content set-cont-mb-s reset-last-child\">\n\t\t\t\t\t\t\t\t\t\t\t\t\t\t\t\t\t<\/div>\n\t\t\t\t\t\t\t<\/div>\n\t\t\t\t\t\t<\/div>\n\t\t\t\t\t\t\t\t\t\t\t\t\t\t\t\t\t\t\t\t\t\t\t\t\t<div class=\"wd-timeline-breakpoint elementor-repeater-item-460e32b\">\n\t\t\t\t\t\t\t<span class=\"woodmart-timeline-breakpoint-title\">\n\t\t\t\t\t\t\t\tQuatri\u00e8me \u00e9tape\t\t\t\t\t\t\t<\/span>\n\t\t\t\t\t\t<\/div>\n\t\t\t\t\t\t\t\t\t\t\t\t\t\t\t\t\t\t\t\t\t\t\t\t\t<div class=\"wd-timeline-item wd-item-position-right elementor-repeater-item-b8ba780\">\n\t\t\t\t\t\t\t<div class=\"woodmart-timeline-dot\"><\/div>\n\n\t\t\t\t\t\t\t<div class=\"timeline-col timeline-col-primary\">\n\t\t\t\t\t\t\t\t<span class=\"timeline-arrow\"><\/span>\n\t\t\t\t\t\t\t\t\t\t\t\t\t\t\t\t\t<div class=\"wd-timeline-image\">\n\t\t\t\t\t\t\t\t\t\t<img loading=\"lazy\" decoding=\"async\" width=\"60\" height=\"60\" src=\"https:\/\/worryfree360.com\/wp-content\/uploads\/2024\/04\/\u3010\u56fe\u72475-4\u3011-60x60.png\" class=\"attachment-60x60 size-60x60\" alt=\"\" srcset=\"\" sizes=\"(max-width: 60px) 100vw, 60px\" title=\"\" data-srcset=\"\">\t\t\t\t\t\t\t\t\t<\/div>\n\t\t\t\t\t\t\t\t\n\t\t\t\t\t\t\t\t\n\t\t\t\t\t\t\t\t<div class=\"wd-timeline-content set-cont-mb-s reset-last-child\">\n\t\t\t\t\t\t\t\t\t<h3 style=\"font-size: 28px;\">Superviser la production et suivre les progr\u00e8s<\/h3>\n<p style=\"font-size: 18px;\">Nous suivons de pr\u00e8s la production pour nous assurer qu'elle est achev\u00e9e dans les d\u00e9lais et nous vous informons r\u00e9guli\u00e8rement de l'\u00e9volution de la situation.<\/p>\t\t\t\t\t\t\t\t<\/div>\n\t\t\t\t\t\t\t<\/div>\n\n\t\t\t\t\t\t\t<div class=\"timeline-col timeline-col-secondary\">\n\t\t\t\t\t\t\t\t<span class=\"timeline-arrow\"><\/span>\n\t\t\t\t\t\t\t\t\t\t\t\t\t\t\t\t\t<div class=\"wd-timeline-image\">\n\t\t\t\t\t\t\t\t\t\t<img loading=\"lazy\" decoding=\"async\" width=\"2000\" height=\"1171\" src=\"https:\/\/worryfree360.com\/wp-content\/uploads\/2025\/01\/\u3010\u56fe\u72476-4\u3011.png\" class=\"attachment-full size-full\" alt=\"\" srcset=\"https:\/\/worryfree360.com\/wp-content\/uploads\/2025\/01\/\u3010\u56fe\u72476-4\u3011.png 2000w, https:\/\/worryfree360.com\/wp-content\/uploads\/2025\/01\/\u3010\u56fe\u72476-4\u3011-400x234.png 400w, https:\/\/worryfree360.com\/wp-content\/uploads\/2025\/01\/\u3010\u56fe\u72476-4\u3011-1300x761.png 1300w, https:\/\/worryfree360.com\/wp-content\/uploads\/2025\/01\/\u3010\u56fe\u72476-4\u3011-768x450.png 768w, https:\/\/worryfree360.com\/wp-content\/uploads\/2025\/01\/\u3010\u56fe\u72476-4\u3011-1536x899.png 1536w, https:\/\/worryfree360.com\/wp-content\/uploads\/2025\/01\/\u3010\u56fe\u72476-4\u3011-18x12.png 18w\" sizes=\"(max-width: 2000px) 100vw, 2000px\" title=\"\">\t\t\t\t\t\t\t\t\t<\/div>\n\t\t\t\t\t\t\t\t\n\t\t\t\t\t\t\t\t\n\t\t\t\t\t\t\t\t<div class=\"wd-timeline-content set-cont-mb-s reset-last-child\">\n\t\t\t\t\t\t\t\t\t\t\t\t\t\t\t\t\t<\/div>\n\t\t\t\t\t\t\t<\/div>\n\t\t\t\t\t\t<\/div>\n\t\t\t\t\t\t\t\t\t\t\t\t\t\t\t\t\t\t\t\t\t\t\t\t\t<div class=\"wd-timeline-breakpoint elementor-repeater-item-6a94144\">\n\t\t\t\t\t\t\t<span class=\"woodmart-timeline-breakpoint-title\">\n\t\t\t\t\t\t\t\tCinqui\u00e8me \u00e9tape\t\t\t\t\t\t\t<\/span>\n\t\t\t\t\t\t<\/div>\n\t\t\t\t\t\t\t\t\t\t\t\t\t\t\t\t\t\t\t\t\t\t\t\t\t<div class=\"wd-timeline-item wd-item-position-left elementor-repeater-item-ff5055a\">\n\t\t\t\t\t\t\t<div class=\"woodmart-timeline-dot\"><\/div>\n\n\t\t\t\t\t\t\t<div class=\"timeline-col timeline-col-primary\">\n\t\t\t\t\t\t\t\t<span class=\"timeline-arrow\"><\/span>\n\t\t\t\t\t\t\t\t\t\t\t\t\t\t\t\t\t<div class=\"wd-timeline-image\">\n\t\t\t\t\t\t\t\t\t\t<img loading=\"lazy\" decoding=\"async\" width=\"60\" height=\"60\" src=\"https:\/\/worryfree360.com\/wp-content\/uploads\/2024\/04\/\u3010\u56fe\u72475-5\u3011-60x60.png\" class=\"attachment-60x60 size-60x60\" alt=\"\" srcset=\"\" sizes=\"(max-width: 60px) 100vw, 60px\" title=\"\" data-srcset=\"\">\t\t\t\t\t\t\t\t\t<\/div>\n\t\t\t\t\t\t\t\t\n\t\t\t\t\t\t\t\t\n\t\t\t\t\t\t\t\t<div class=\"wd-timeline-content set-cont-mb-s reset-last-child\">\n\t\t\t\t\t\t\t\t\t<h3 style=\"font-size: 28px;\">Inspecter les marchandises et organiser l'exp\u00e9dition <\/h3>\n<p style=\"font-size: 18px;\">Nous effectuons des inspections rigoureuses, v\u00e9rifions les normes de qualit\u00e9 et g\u00e9rons la logistique d'exp\u00e9dition afin de garantir que tous les mat\u00e9riaux arrivent en toute s\u00e9curit\u00e9 et dans les d\u00e9lais pr\u00e9vus.<\/p>\t\t\t\t\t\t\t\t<\/div>\n\t\t\t\t\t\t\t<\/div>\n\n\t\t\t\t\t\t\t<div class=\"timeline-col timeline-col-secondary\">\n\t\t\t\t\t\t\t\t<span class=\"timeline-arrow\"><\/span>\n\t\t\t\t\t\t\t\t\t\t\t\t\t\t\t\t\t<div class=\"wd-timeline-image\">\n\t\t\t\t\t\t\t\t\t\t<img loading=\"lazy\" decoding=\"async\" width=\"2000\" height=\"1171\" src=\"https:\/\/worryfree360.com\/wp-content\/uploads\/2025\/01\/\u3010\u56fe\u72476-5\u3011.png\" class=\"attachment-full size-full\" alt=\"\" srcset=\"https:\/\/worryfree360.com\/wp-content\/uploads\/2025\/01\/\u3010\u56fe\u72476-5\u3011.png 2000w, https:\/\/worryfree360.com\/wp-content\/uploads\/2025\/01\/\u3010\u56fe\u72476-5\u3011-400x234.png 400w, https:\/\/worryfree360.com\/wp-content\/uploads\/2025\/01\/\u3010\u56fe\u72476-5\u3011-1300x761.png 1300w, https:\/\/worryfree360.com\/wp-content\/uploads\/2025\/01\/\u3010\u56fe\u72476-5\u3011-768x450.png 768w, https:\/\/worryfree360.com\/wp-content\/uploads\/2025\/01\/\u3010\u56fe\u72476-5\u3011-1536x899.png 1536w, https:\/\/worryfree360.com\/wp-content\/uploads\/2025\/01\/\u3010\u56fe\u72476-5\u3011-18x12.png 18w\" sizes=\"(max-width: 2000px) 100vw, 2000px\" title=\"\">\t\t\t\t\t\t\t\t\t<\/div>\n\t\t\t\t\t\t\t\t\n\t\t\t\t\t\t\t\t\n\t\t\t\t\t\t\t\t<div class=\"wd-timeline-content set-cont-mb-s reset-last-child\">\n\t\t\t\t\t\t\t\t\t\t\t\t\t\t\t\t\t<\/div>\n\t\t\t\t\t\t\t<\/div>\n\t\t\t\t\t\t<\/div>\n\t\t\t\t\t\t\t\t\t\t\t\t<\/div>\n\t\t<\/div>\n\t\t\t\t\t\t<\/div>\n\t\t\t\t<\/div>\n\t\t\t\t\t<\/div>\n\t\t\t\t<\/div>\n\t\t\t\t<\/div>","protected":false},"excerpt":{"rendered":"<p>One-Stop Sourcing Approvisionnement professionnel en Chine avec efficacit\u00e9 et facilit\u00e9. Comment nous travaillons Premi\u00e8re \u00e9tape Comprendre les besoins de votre projet Nous commen\u00e7ons par<\/p>","protected":false},"author":1,"featured_media":0,"parent":0,"menu_order":0,"comment_status":"closed","ping_status":"closed","template":"","meta":{"footnotes":""},"class_list":["post-24944","page","type-page","status-publish","hentry"],"_links":{"self":[{"href":"https:\/\/worryfree360.com\/fr\/wp-json\/wp\/v2\/pages\/24944","targetHints":{"allow":["GET"]}}],"collection":[{"href":"https:\/\/worryfree360.com\/fr\/wp-json\/wp\/v2\/pages"}],"about":[{"href":"https:\/\/worryfree360.com\/fr\/wp-json\/wp\/v2\/types\/page"}],"author":[{"embeddable":true,"href":"https:\/\/worryfree360.com\/fr\/wp-json\/wp\/v2\/users\/1"}],"replies":[{"embeddable":true,"href":"https:\/\/worryfree360.com\/fr\/wp-json\/wp\/v2\/comments?post=24944"}],"version-history":[{"count":101,"href":"https:\/\/worryfree360.com\/fr\/wp-json\/wp\/v2\/pages\/24944\/revisions"}],"predecessor-version":[{"id":26448,"href":"https:\/\/worryfree360.com\/fr\/wp-json\/wp\/v2\/pages\/24944\/revisions\/26448"}],"wp:attachment":[{"href":"https:\/\/worryfree360.com\/fr\/wp-json\/wp\/v2\/media?parent=24944"}],"curies":[{"name":"wp","href":"https:\/\/api.w.org\/{rel}","templated":true}]}}