{"id":24944,"date":"2024-04-09T11:09:41","date_gmt":"2024-04-09T11:09:41","guid":{"rendered":"https:\/\/worryfree360.com\/?page_id=24944"},"modified":"2025-01-09T01:24:34","modified_gmt":"2025-01-09T01:24:34","slug":"one-stop-sourcing","status":"publish","type":"page","link":"https:\/\/worryfree360.com\/es\/one-stop-sourcing\/","title":{"rendered":"Ventanilla \u00fanica"},"content":{"rendered":"<div data-elementor-type=\"wp-page\" data-elementor-id=\"24944\" class=\"elementor elementor-24944\" data-elementor-post-type=\"page\">\n\t\t\t\t<div class=\"elementor-element elementor-element-5fdbc12 wd-section-stretch e-flex e-con-boxed e-con e-parent\" data-id=\"5fdbc12\" data-element_type=\"container\" data-settings=\"{&quot;background_background&quot;:&quot;classic&quot;}\">\n\t\t\t\t\t<div class=\"e-con-inner\">\n\t\t<div class=\"elementor-element elementor-element-a547685 e-con-full e-flex e-con e-child\" data-id=\"a547685\" data-element_type=\"container\">\n\t\t\t\t<div class=\"elementor-element elementor-element-2eeb45a wd-width-100 elementor-widget elementor-widget-wd_title\" data-id=\"2eeb45a\" data-element_type=\"widget\" data-widget_type=\"wd_title.default\">\n\t\t\t\t<div class=\"elementor-widget-container\">\n\t\t\t\t\t\t\t\t<link rel=\"stylesheet\" id=\"wd-section-title-css\" href=\"https:\/\/worryfree360.com\/wp-content\/themes\/woodmart\/css\/parts\/el-section-title.min.css?ver=7.4.3\" type=\"text\/css\" media=\"all\" \/> \t\t\t\t\t\t<link rel=\"stylesheet\" id=\"wd-mod-highlighted-text-css\" href=\"https:\/\/worryfree360.com\/wp-content\/themes\/woodmart\/css\/parts\/mod-highlighted-text.min.css?ver=7.4.3\" type=\"text\/css\" media=\"all\" \/> \t\t\t\t\t<div class=\"title-wrapper set-mb-s reset-last-child wd-title-color-default wd-title-style-default wd-title-size-default text-center\">\n\n\t\t\t\n\t\t\t<div class=\"liner-continer\">\n\t\t\t\t<h1 class=\"woodmart-title-container title wd-fontsize-l wd-underline-colored\"><u>Ventanilla \u00fanica<\/u> B\u00fasqueda de proveedores<\/h1> \n\t\t\t\t\t\t\t<\/div>\n\n\t\t\t\t\t<\/div>\n\t\t\t\t\t\t<\/div>\n\t\t\t\t<\/div>\n\t\t\t\t<div class=\"elementor-element elementor-element-4214ece elementor-widget elementor-widget-wd_text_block\" data-id=\"4214ece\" data-element_type=\"widget\" data-widget_type=\"wd_text_block.default\">\n\t\t\t\t<div class=\"elementor-widget-container\">\n\t\t\t\t\t\t\t\t<link rel=\"stylesheet\" id=\"wd-text-block-css\" href=\"https:\/\/worryfree360.com\/wp-content\/themes\/woodmart\/css\/parts\/el-text-block.min.css?ver=7.4.3\" type=\"text\/css\" media=\"all\" \/> \t\t\t\t\t<div class=\"wd-text-block reset-last-child text-left\">\n\t\t\t\n\t\t\t\n\t\t\t\t\t<\/div>\n\t\t\t\t\t\t<\/div>\n\t\t\t\t<\/div>\n\t\t\t\t<div class=\"elementor-element elementor-element-0edb11e color-scheme-inherit text-left elementor-widget elementor-widget-text-editor\" data-id=\"0edb11e\" data-element_type=\"widget\" data-widget_type=\"text-editor.default\">\n\t\t\t\t<div class=\"elementor-widget-container\">\n\t\t\t\t\t\t\t\t\t<p>Adquisiciones chinas profesionales con eficacia y facilidad.<\/p>\t\t\t\t\t\t\t\t<\/div>\n\t\t\t\t<\/div>\n\t\t\t\t<\/div>\n\t\t\t\t\t<\/div>\n\t\t\t\t<\/div>\n\t\t<div class=\"elementor-element elementor-element-2e98c87 e-flex e-con-boxed e-con e-parent\" data-id=\"2e98c87\" data-element_type=\"container\">\n\t\t\t\t\t<div class=\"e-con-inner\">\n\t\t\t\t<div class=\"elementor-element elementor-element-db726a1 wd-width-100 elementor-widget elementor-widget-wd_title\" data-id=\"db726a1\" data-element_type=\"widget\" data-widget_type=\"wd_title.default\">\n\t\t\t\t<div class=\"elementor-widget-container\">\n\t\t\t\t\t\t\t\t<link rel=\"stylesheet\" id=\"wd-section-title-style-under-and-over-css\" href=\"https:\/\/worryfree360.com\/wp-content\/themes\/woodmart\/css\/parts\/el-section-title-style-under-and-over.min.css?ver=7.4.3\" type=\"text\/css\" media=\"all\" \/> \t\t\t\t\t<div class=\"title-wrapper set-mb-s reset-last-child wd-title-color-primary wd-title-style-underlined wd-title-size-large text-center\">\n\n\t\t\t\n\t\t\t<div class=\"liner-continer\">\n\t\t\t\t<h2 class=\"woodmart-title-container title wd-fontsize-xxl wd-underline-colored\">C\u00f3mo trabajamos<\/h2> \n\t\t\t\t\t\t\t<\/div>\n\n\t\t\t\t\t<\/div>\n\t\t\t\t\t\t<\/div>\n\t\t\t\t<\/div>\n\t\t\t\t<div class=\"elementor-element elementor-element-1703986 elementor-widget elementor-widget-wd_timeline\" data-id=\"1703986\" data-element_type=\"widget\" data-widget_type=\"wd_timeline.default\">\n\t\t\t\t<div class=\"elementor-widget-container\">\n\t\t\t\t\t\t\t\t<link rel=\"stylesheet\" id=\"wd-timeline-css\" href=\"https:\/\/worryfree360.com\/wp-content\/themes\/woodmart\/css\/parts\/el-timeline.min.css?ver=7.4.3\" type=\"text\/css\" media=\"all\" \/> \t\t\t\t\t<div class=\"wd-timeline-wrapper wd-item-default wd-line-dashed\">\n\t\t\t<div class=\"woodmart-timeline-line\">\n\t\t\t\t<span class=\"line-dot dot-start\"><\/span>\n\t\t\t\t<span class=\"line-dot dot-end\"><\/span>\n\t\t\t<\/div>\n\n\t\t\t<div class=\"wd-timeline\">\n\t\t\t\t\t\t\t\t\t\t\t\t\t\t\t\t\t\t\t\t<div class=\"wd-timeline-breakpoint elementor-repeater-item-9988200\">\n\t\t\t\t\t\t\t<span class=\"woodmart-timeline-breakpoint-title\">\n\t\t\t\t\t\t\t\tPrimer paso\t\t\t\t\t\t\t<\/span>\n\t\t\t\t\t\t<\/div>\n\t\t\t\t\t\t\t\t\t\t\t\t\t\t\t\t\t\t\t\t\t\t\t\t\t<div class=\"wd-timeline-item wd-item-position-left elementor-repeater-item-1760771\">\n\t\t\t\t\t\t\t<div class=\"woodmart-timeline-dot\"><\/div>\n\n\t\t\t\t\t\t\t<div class=\"timeline-col timeline-col-primary\">\n\t\t\t\t\t\t\t\t<span class=\"timeline-arrow\"><\/span>\n\t\t\t\t\t\t\t\t\t\t\t\t\t\t\t\t\t<div class=\"wd-timeline-image\">\n\t\t\t\t\t\t\t\t\t\t<img decoding=\"async\" width=\"60\" height=\"60\" src=\"https:\/\/worryfree360.com\/wp-content\/uploads\/2024\/04\/\u3010\u56fe\u72475-1\u3011-60x60.png\" class=\"attachment-60x60 size-60x60\" alt=\"\" srcset=\"\" sizes=\"(max-width: 60px) 100vw, 60px\" title=\"\" data-srcset=\"\">\t\t\t\t\t\t\t\t\t<\/div>\n\t\t\t\t\t\t\t\t\n\t\t\t\t\t\t\t\t\n\t\t\t\t\t\t\t\t<div class=\"wd-timeline-content set-cont-mb-s reset-last-child\">\n\t\t\t\t\t\t\t\t\t<h3 style=\"font-size: 28px;\">Conozca las necesidades de su proyecto<\/h3><p style=\"font-size: 18px;\">Empezamos hablando de sus objetivos de renovaci\u00f3n, preferencias de estilo, presupuesto y necesidades de material, y creamos un plan de proyecto a medida para satisfacer sus expectativas.<\/p>\t\t\t\t\t\t\t\t<\/div>\n\t\t\t\t\t\t\t<\/div>\n\n\t\t\t\t\t\t\t<div class=\"timeline-col timeline-col-secondary\">\n\t\t\t\t\t\t\t\t<span class=\"timeline-arrow\"><\/span>\n\t\t\t\t\t\t\t\t\t\t\t\t\t\t\t\t\t<div class=\"wd-timeline-image\">\n\t\t\t\t\t\t\t\t\t\t<img fetchpriority=\"high\" decoding=\"async\" width=\"2000\" height=\"1171\" src=\"https:\/\/worryfree360.com\/wp-content\/uploads\/2025\/01\/\u3010\u56fe\u72476-1\u3011.png\" class=\"attachment-full size-full\" alt=\"Understand Your Project Needs\" srcset=\"https:\/\/worryfree360.com\/wp-content\/uploads\/2025\/01\/\u3010\u56fe\u72476-1\u3011.png 2000w, https:\/\/worryfree360.com\/wp-content\/uploads\/2025\/01\/\u3010\u56fe\u72476-1\u3011-400x234.png 400w, https:\/\/worryfree360.com\/wp-content\/uploads\/2025\/01\/\u3010\u56fe\u72476-1\u3011-1300x761.png 1300w, https:\/\/worryfree360.com\/wp-content\/uploads\/2025\/01\/\u3010\u56fe\u72476-1\u3011-768x450.png 768w, https:\/\/worryfree360.com\/wp-content\/uploads\/2025\/01\/\u3010\u56fe\u72476-1\u3011-1536x899.png 1536w, https:\/\/worryfree360.com\/wp-content\/uploads\/2025\/01\/\u3010\u56fe\u72476-1\u3011-18x12.png 18w\" sizes=\"(max-width: 2000px) 100vw, 2000px\" title=\"\">\t\t\t\t\t\t\t\t\t<\/div>\n\t\t\t\t\t\t\t\t\n\t\t\t\t\t\t\t\t\n\t\t\t\t\t\t\t\t<div class=\"wd-timeline-content set-cont-mb-s reset-last-child\">\n\t\t\t\t\t\t\t\t\t\t\t\t\t\t\t\t\t<\/div>\n\t\t\t\t\t\t\t<\/div>\n\t\t\t\t\t\t<\/div>\n\t\t\t\t\t\t\t\t\t\t\t\t\t\t\t\t\t\t\t\t\t\t\t\t\t<div class=\"wd-timeline-breakpoint elementor-repeater-item-2493353\">\n\t\t\t\t\t\t\t<span class=\"woodmart-timeline-breakpoint-title\">\n\t\t\t\t\t\t\t\tSegundo paso\t\t\t\t\t\t\t<\/span>\n\t\t\t\t\t\t<\/div>\n\t\t\t\t\t\t\t\t\t\t\t\t\t\t\t\t\t\t\t\t\t\t\t\t\t<div class=\"wd-timeline-item wd-item-position-right elementor-repeater-item-7775148\">\n\t\t\t\t\t\t\t<div class=\"woodmart-timeline-dot\"><\/div>\n\n\t\t\t\t\t\t\t<div class=\"timeline-col timeline-col-primary\">\n\t\t\t\t\t\t\t\t<span class=\"timeline-arrow\"><\/span>\n\t\t\t\t\t\t\t\t\t\t\t\t\t\t\t\t\t<div class=\"wd-timeline-image\">\n\t\t\t\t\t\t\t\t\t\t<img decoding=\"async\" width=\"60\" height=\"60\" src=\"https:\/\/worryfree360.com\/wp-content\/uploads\/2024\/04\/\u3010\u56fe\u72475-2\u3011-60x60.png\" class=\"attachment-60x60 size-60x60\" alt=\"\" srcset=\"\" sizes=\"(max-width: 60px) 100vw, 60px\" title=\"\" data-srcset=\"\">\t\t\t\t\t\t\t\t\t<\/div>\n\t\t\t\t\t\t\t\t\n\t\t\t\t\t\t\t\t\n\t\t\t\t\t\t\t\t<div class=\"wd-timeline-content set-cont-mb-s reset-last-child\">\n\t\t\t\t\t\t\t\t\t<h3 style=\"font-size: 28px;\">B\u00fasqueda de f\u00e1bricas y elaboraci\u00f3n de presupuestos<\/h3><p style=\"font-size: 18px;\">Identificamos las f\u00e1bricas m\u00e1s adecuadas, verificamos sus credenciales mediante comprobaciones de antecedentes y presentamos presupuestos transparentes de materiales clave como muebles, azulejos e iluminaci\u00f3n.<\/p>\t\t\t\t\t\t\t\t<\/div>\n\t\t\t\t\t\t\t<\/div>\n\n\t\t\t\t\t\t\t<div class=\"timeline-col timeline-col-secondary\">\n\t\t\t\t\t\t\t\t<span class=\"timeline-arrow\"><\/span>\n\t\t\t\t\t\t\t\t\t\t\t\t\t\t\t\t\t<div class=\"wd-timeline-image\">\n\t\t\t\t\t\t\t\t\t\t<img loading=\"lazy\" decoding=\"async\" width=\"2000\" height=\"1171\" src=\"https:\/\/worryfree360.com\/wp-content\/uploads\/2025\/01\/\u3010\u56fe\u72476-2\u3011.png\" class=\"attachment-full size-full\" alt=\"\" srcset=\"https:\/\/worryfree360.com\/wp-content\/uploads\/2025\/01\/\u3010\u56fe\u72476-2\u3011.png 2000w, https:\/\/worryfree360.com\/wp-content\/uploads\/2025\/01\/\u3010\u56fe\u72476-2\u3011-400x234.png 400w, https:\/\/worryfree360.com\/wp-content\/uploads\/2025\/01\/\u3010\u56fe\u72476-2\u3011-1300x761.png 1300w, https:\/\/worryfree360.com\/wp-content\/uploads\/2025\/01\/\u3010\u56fe\u72476-2\u3011-768x450.png 768w, https:\/\/worryfree360.com\/wp-content\/uploads\/2025\/01\/\u3010\u56fe\u72476-2\u3011-1536x899.png 1536w, https:\/\/worryfree360.com\/wp-content\/uploads\/2025\/01\/\u3010\u56fe\u72476-2\u3011-18x12.png 18w\" sizes=\"(max-width: 2000px) 100vw, 2000px\" title=\"\">\t\t\t\t\t\t\t\t\t<\/div>\n\t\t\t\t\t\t\t\t\n\t\t\t\t\t\t\t\t\n\t\t\t\t\t\t\t\t<div class=\"wd-timeline-content set-cont-mb-s reset-last-child\">\n\t\t\t\t\t\t\t\t\t\t\t\t\t\t\t\t\t<\/div>\n\t\t\t\t\t\t\t<\/div>\n\t\t\t\t\t\t<\/div>\n\t\t\t\t\t\t\t\t\t\t\t\t\t\t\t\t\t\t\t\t\t\t\t\t\t<div class=\"wd-timeline-breakpoint elementor-repeater-item-4587962\">\n\t\t\t\t\t\t\t<span class=\"woodmart-timeline-breakpoint-title\">\n\t\t\t\t\t\t\t\tTercer paso\t\t\t\t\t\t\t<\/span>\n\t\t\t\t\t\t<\/div>\n\t\t\t\t\t\t\t\t\t\t\t\t\t\t\t\t\t\t\t\t\t\t\t\t\t<div class=\"wd-timeline-item wd-item-position-left elementor-repeater-item-6165912\">\n\t\t\t\t\t\t\t<div class=\"woodmart-timeline-dot\"><\/div>\n\n\t\t\t\t\t\t\t<div class=\"timeline-col timeline-col-primary\">\n\t\t\t\t\t\t\t\t<span class=\"timeline-arrow\"><\/span>\n\t\t\t\t\t\t\t\t\t\t\t\t\t\t\t\t\t<div class=\"wd-timeline-image\">\n\t\t\t\t\t\t\t\t\t\t<img loading=\"lazy\" decoding=\"async\" width=\"60\" height=\"60\" src=\"https:\/\/worryfree360.com\/wp-content\/uploads\/2024\/04\/\u3010\u56fe\u72475-3\u3011-60x60.png\" class=\"attachment-60x60 size-60x60\" alt=\"\" srcset=\"\" sizes=\"(max-width: 60px) 100vw, 60px\" title=\"\" data-srcset=\"\">\t\t\t\t\t\t\t\t\t<\/div>\n\t\t\t\t\t\t\t\t\n\t\t\t\t\t\t\t\t\n\t\t\t\t\t\t\t\t<div class=\"wd-timeline-content set-cont-mb-s reset-last-child\">\n\t\t\t\t\t\t\t\t\t<h3 style=\"font-size: 28px;\">Visitas a f\u00e1bricas, negociaci\u00f3n y contratos<\/h3><p style=\"font-size: 18px;\">Organizamos visitas a f\u00e1bricas para evaluar la capacidad de producci\u00f3n y la calidad de las muestras, negociamos precios en su nombre y cerramos contratos con los proveedores seleccionados.<\/p>\t\t\t\t\t\t\t\t<\/div>\n\t\t\t\t\t\t\t<\/div>\n\n\t\t\t\t\t\t\t<div class=\"timeline-col timeline-col-secondary\">\n\t\t\t\t\t\t\t\t<span class=\"timeline-arrow\"><\/span>\n\t\t\t\t\t\t\t\t\t\t\t\t\t\t\t\t\t<div class=\"wd-timeline-image\">\n\t\t\t\t\t\t\t\t\t\t<img loading=\"lazy\" decoding=\"async\" width=\"2000\" height=\"1171\" src=\"https:\/\/worryfree360.com\/wp-content\/uploads\/2025\/01\/\u3010\u56fe\u72476-3\u3011.png\" class=\"attachment-full size-full\" alt=\"\" srcset=\"https:\/\/worryfree360.com\/wp-content\/uploads\/2025\/01\/\u3010\u56fe\u72476-3\u3011.png 2000w, https:\/\/worryfree360.com\/wp-content\/uploads\/2025\/01\/\u3010\u56fe\u72476-3\u3011-400x234.png 400w, https:\/\/worryfree360.com\/wp-content\/uploads\/2025\/01\/\u3010\u56fe\u72476-3\u3011-1300x761.png 1300w, https:\/\/worryfree360.com\/wp-content\/uploads\/2025\/01\/\u3010\u56fe\u72476-3\u3011-768x450.png 768w, https:\/\/worryfree360.com\/wp-content\/uploads\/2025\/01\/\u3010\u56fe\u72476-3\u3011-1536x899.png 1536w, https:\/\/worryfree360.com\/wp-content\/uploads\/2025\/01\/\u3010\u56fe\u72476-3\u3011-18x12.png 18w\" sizes=\"(max-width: 2000px) 100vw, 2000px\" title=\"\">\t\t\t\t\t\t\t\t\t<\/div>\n\t\t\t\t\t\t\t\t\n\t\t\t\t\t\t\t\t\n\t\t\t\t\t\t\t\t<div class=\"wd-timeline-content set-cont-mb-s reset-last-child\">\n\t\t\t\t\t\t\t\t\t\t\t\t\t\t\t\t\t<\/div>\n\t\t\t\t\t\t\t<\/div>\n\t\t\t\t\t\t<\/div>\n\t\t\t\t\t\t\t\t\t\t\t\t\t\t\t\t\t\t\t\t\t\t\t\t\t<div class=\"wd-timeline-breakpoint elementor-repeater-item-460e32b\">\n\t\t\t\t\t\t\t<span class=\"woodmart-timeline-breakpoint-title\">\n\t\t\t\t\t\t\t\tCuarto paso\t\t\t\t\t\t\t<\/span>\n\t\t\t\t\t\t<\/div>\n\t\t\t\t\t\t\t\t\t\t\t\t\t\t\t\t\t\t\t\t\t\t\t\t\t<div class=\"wd-timeline-item wd-item-position-right elementor-repeater-item-b8ba780\">\n\t\t\t\t\t\t\t<div class=\"woodmart-timeline-dot\"><\/div>\n\n\t\t\t\t\t\t\t<div class=\"timeline-col timeline-col-primary\">\n\t\t\t\t\t\t\t\t<span class=\"timeline-arrow\"><\/span>\n\t\t\t\t\t\t\t\t\t\t\t\t\t\t\t\t\t<div class=\"wd-timeline-image\">\n\t\t\t\t\t\t\t\t\t\t<img loading=\"lazy\" decoding=\"async\" width=\"60\" height=\"60\" src=\"https:\/\/worryfree360.com\/wp-content\/uploads\/2024\/04\/\u3010\u56fe\u72475-4\u3011-60x60.png\" class=\"attachment-60x60 size-60x60\" alt=\"\" srcset=\"\" sizes=\"(max-width: 60px) 100vw, 60px\" title=\"\" data-srcset=\"\">\t\t\t\t\t\t\t\t\t<\/div>\n\t\t\t\t\t\t\t\t\n\t\t\t\t\t\t\t\t\n\t\t\t\t\t\t\t\t<div class=\"wd-timeline-content set-cont-mb-s reset-last-child\">\n\t\t\t\t\t\t\t\t\t<h3 style=\"font-size: 28px;\">Supervisi\u00f3n de la producci\u00f3n y seguimiento de los progresos<\/h3>\n<p style=\"font-size: 18px;\">Supervisamos de cerca la producci\u00f3n para garantizar que se termine a tiempo y proporcionamos actualizaciones peri\u00f3dicas para mantenerle informado del progreso.<\/p>\t\t\t\t\t\t\t\t<\/div>\n\t\t\t\t\t\t\t<\/div>\n\n\t\t\t\t\t\t\t<div class=\"timeline-col timeline-col-secondary\">\n\t\t\t\t\t\t\t\t<span class=\"timeline-arrow\"><\/span>\n\t\t\t\t\t\t\t\t\t\t\t\t\t\t\t\t\t<div class=\"wd-timeline-image\">\n\t\t\t\t\t\t\t\t\t\t<img loading=\"lazy\" decoding=\"async\" width=\"2000\" height=\"1171\" src=\"https:\/\/worryfree360.com\/wp-content\/uploads\/2025\/01\/\u3010\u56fe\u72476-4\u3011.png\" class=\"attachment-full size-full\" alt=\"\" srcset=\"https:\/\/worryfree360.com\/wp-content\/uploads\/2025\/01\/\u3010\u56fe\u72476-4\u3011.png 2000w, https:\/\/worryfree360.com\/wp-content\/uploads\/2025\/01\/\u3010\u56fe\u72476-4\u3011-400x234.png 400w, https:\/\/worryfree360.com\/wp-content\/uploads\/2025\/01\/\u3010\u56fe\u72476-4\u3011-1300x761.png 1300w, https:\/\/worryfree360.com\/wp-content\/uploads\/2025\/01\/\u3010\u56fe\u72476-4\u3011-768x450.png 768w, https:\/\/worryfree360.com\/wp-content\/uploads\/2025\/01\/\u3010\u56fe\u72476-4\u3011-1536x899.png 1536w, https:\/\/worryfree360.com\/wp-content\/uploads\/2025\/01\/\u3010\u56fe\u72476-4\u3011-18x12.png 18w\" sizes=\"(max-width: 2000px) 100vw, 2000px\" title=\"\">\t\t\t\t\t\t\t\t\t<\/div>\n\t\t\t\t\t\t\t\t\n\t\t\t\t\t\t\t\t\n\t\t\t\t\t\t\t\t<div class=\"wd-timeline-content set-cont-mb-s reset-last-child\">\n\t\t\t\t\t\t\t\t\t\t\t\t\t\t\t\t\t<\/div>\n\t\t\t\t\t\t\t<\/div>\n\t\t\t\t\t\t<\/div>\n\t\t\t\t\t\t\t\t\t\t\t\t\t\t\t\t\t\t\t\t\t\t\t\t\t<div class=\"wd-timeline-breakpoint elementor-repeater-item-6a94144\">\n\t\t\t\t\t\t\t<span class=\"woodmart-timeline-breakpoint-title\">\n\t\t\t\t\t\t\t\tQuinto paso\t\t\t\t\t\t\t<\/span>\n\t\t\t\t\t\t<\/div>\n\t\t\t\t\t\t\t\t\t\t\t\t\t\t\t\t\t\t\t\t\t\t\t\t\t<div class=\"wd-timeline-item wd-item-position-left elementor-repeater-item-ff5055a\">\n\t\t\t\t\t\t\t<div class=\"woodmart-timeline-dot\"><\/div>\n\n\t\t\t\t\t\t\t<div class=\"timeline-col timeline-col-primary\">\n\t\t\t\t\t\t\t\t<span class=\"timeline-arrow\"><\/span>\n\t\t\t\t\t\t\t\t\t\t\t\t\t\t\t\t\t<div class=\"wd-timeline-image\">\n\t\t\t\t\t\t\t\t\t\t<img loading=\"lazy\" decoding=\"async\" width=\"60\" height=\"60\" src=\"https:\/\/worryfree360.com\/wp-content\/uploads\/2024\/04\/\u3010\u56fe\u72475-5\u3011-60x60.png\" class=\"attachment-60x60 size-60x60\" alt=\"\" srcset=\"\" sizes=\"(max-width: 60px) 100vw, 60px\" title=\"\" data-srcset=\"\">\t\t\t\t\t\t\t\t\t<\/div>\n\t\t\t\t\t\t\t\t\n\t\t\t\t\t\t\t\t\n\t\t\t\t\t\t\t\t<div class=\"wd-timeline-content set-cont-mb-s reset-last-child\">\n\t\t\t\t\t\t\t\t\t<h3 style=\"font-size: 28px;\">Inspeccionar la mercanc\u00eda y organizar el env\u00edo <\/h3>\n<p style=\"font-size: 18px;\">Realizamos inspecciones rigurosas, verificamos las normas de calidad y nos encargamos de la log\u00edstica de env\u00edo para garantizar que todos los materiales lleguen sanos y salvos y a tiempo.<\/p>\t\t\t\t\t\t\t\t<\/div>\n\t\t\t\t\t\t\t<\/div>\n\n\t\t\t\t\t\t\t<div class=\"timeline-col timeline-col-secondary\">\n\t\t\t\t\t\t\t\t<span class=\"timeline-arrow\"><\/span>\n\t\t\t\t\t\t\t\t\t\t\t\t\t\t\t\t\t<div class=\"wd-timeline-image\">\n\t\t\t\t\t\t\t\t\t\t<img loading=\"lazy\" decoding=\"async\" width=\"2000\" height=\"1171\" src=\"https:\/\/worryfree360.com\/wp-content\/uploads\/2025\/01\/\u3010\u56fe\u72476-5\u3011.png\" class=\"attachment-full size-full\" alt=\"\" srcset=\"https:\/\/worryfree360.com\/wp-content\/uploads\/2025\/01\/\u3010\u56fe\u72476-5\u3011.png 2000w, https:\/\/worryfree360.com\/wp-content\/uploads\/2025\/01\/\u3010\u56fe\u72476-5\u3011-400x234.png 400w, https:\/\/worryfree360.com\/wp-content\/uploads\/2025\/01\/\u3010\u56fe\u72476-5\u3011-1300x761.png 1300w, https:\/\/worryfree360.com\/wp-content\/uploads\/2025\/01\/\u3010\u56fe\u72476-5\u3011-768x450.png 768w, https:\/\/worryfree360.com\/wp-content\/uploads\/2025\/01\/\u3010\u56fe\u72476-5\u3011-1536x899.png 1536w, https:\/\/worryfree360.com\/wp-content\/uploads\/2025\/01\/\u3010\u56fe\u72476-5\u3011-18x12.png 18w\" sizes=\"(max-width: 2000px) 100vw, 2000px\" title=\"\">\t\t\t\t\t\t\t\t\t<\/div>\n\t\t\t\t\t\t\t\t\n\t\t\t\t\t\t\t\t\n\t\t\t\t\t\t\t\t<div class=\"wd-timeline-content set-cont-mb-s reset-last-child\">\n\t\t\t\t\t\t\t\t\t\t\t\t\t\t\t\t\t<\/div>\n\t\t\t\t\t\t\t<\/div>\n\t\t\t\t\t\t<\/div>\n\t\t\t\t\t\t\t\t\t\t\t\t<\/div>\n\t\t<\/div>\n\t\t\t\t\t\t<\/div>\n\t\t\t\t<\/div>\n\t\t\t\t\t<\/div>\n\t\t\t\t<\/div>\n\t\t\t\t<\/div>","protected":false},"excerpt":{"rendered":"<p>One-Stop Sourcing Adquisiciones chinas profesionales con eficacia y facilidad. C\u00f3mo trabajamos Primer paso Comprender las necesidades de su proyecto Empezamos...<\/p>","protected":false},"author":1,"featured_media":0,"parent":0,"menu_order":0,"comment_status":"closed","ping_status":"closed","template":"","meta":{"footnotes":""},"class_list":["post-24944","page","type-page","status-publish","hentry"],"_links":{"self":[{"href":"https:\/\/worryfree360.com\/es\/wp-json\/wp\/v2\/pages\/24944","targetHints":{"allow":["GET"]}}],"collection":[{"href":"https:\/\/worryfree360.com\/es\/wp-json\/wp\/v2\/pages"}],"about":[{"href":"https:\/\/worryfree360.com\/es\/wp-json\/wp\/v2\/types\/page"}],"author":[{"embeddable":true,"href":"https:\/\/worryfree360.com\/es\/wp-json\/wp\/v2\/users\/1"}],"replies":[{"embeddable":true,"href":"https:\/\/worryfree360.com\/es\/wp-json\/wp\/v2\/comments?post=24944"}],"version-history":[{"count":101,"href":"https:\/\/worryfree360.com\/es\/wp-json\/wp\/v2\/pages\/24944\/revisions"}],"predecessor-version":[{"id":26448,"href":"https:\/\/worryfree360.com\/es\/wp-json\/wp\/v2\/pages\/24944\/revisions\/26448"}],"wp:attachment":[{"href":"https:\/\/worryfree360.com\/es\/wp-json\/wp\/v2\/media?parent=24944"}],"curies":[{"name":"wp","href":"https:\/\/api.w.org\/{rel}","templated":true}]}}